{"id":10558,"date":"2025-10-04T13:06:22","date_gmt":"2025-10-04T11:06:22","guid":{"rendered":"https:\/\/www.munduberriak.com\/?page_id=10558"},"modified":"2026-03-24T17:25:16","modified_gmt":"2026-03-24T16:25:16","slug":"neuroempoderamiento","status":"publish","type":"page","link":"https:\/\/www.munduberriak.com\/es\/neuroempoderamiento\/","title":{"rendered":"Neuroempoderamiento"},"content":{"rendered":"<p>[et_pb_section fb_built=\u00bb1&#8243; admin_label=\u00bbPage Title Section\u00bb _builder_version=\u00bb4.14.2&#8243; background_color_gradient_direction=\u00bb120deg\u00bb background_image=\u00bbhttps:\/\/www.munduberriak.com\/wp-content\/uploads\/2023\/02\/6.png\u00bb background_enable_image=\u00bbon\u00bb custom_padding=\u00bb0||50px||false|false\u00bb da_disable_devices=\u00bboff|off|off\u00bb global_colors_info=\u00bb{}\u00bb da_is_popup=\u00bboff\u00bb da_exit_intent=\u00bboff\u00bb da_has_close=\u00bbon\u00bb da_alt_close=\u00bboff\u00bb da_dark_close=\u00bboff\u00bb da_not_modal=\u00bbon\u00bb da_is_singular=\u00bboff\u00bb da_with_loader=\u00bboff\u00bb da_has_shadow=\u00bbon\u00bb][et_pb_row admin_label=\u00bbPage Title Area\u00bb _builder_version=\u00bb4.4.2&#8243; background_size=\u00bbinitial\u00bb background_position=\u00bbtop_left\u00bb background_repeat=\u00bbrepeat\u00bb custom_padding=\u00bb200px|0px|0|0px|false|false\u00bb global_colors_info=\u00bb{}\u00bb][et_pb_column type=\u00bb4_4&#8243; _builder_version=\u00bb3.25&#8243; custom_padding=\u00bb|||\u00bb global_colors_info=\u00bb{}\u00bb custom_padding__hover=\u00bb|||\u00bb][et_pb_text admin_label=\u00bbTitle\u00bb _builder_version=\u00bb4.14.2&#8243; text_font=\u00bb||||||||\u00bb header_font=\u00bbPoppins|600|||||||\u00bb header_font_size=\u00bb40px\u00bb header_line_height=\u00bb1.2em\u00bb header_2_font=\u00bb||||||||\u00bb header_2_font_size=\u00bb60px\u00bb background_layout=\u00bbdark\u00bb custom_margin=\u00bb||20px|\u00bb custom_padding=\u00bb|||\u00bb animation_style=\u00bbfade\u00bb header_font_size_tablet=\u00bb\u00bb header_font_size_phone=\u00bb40px\u00bb header_font_size_last_edited=\u00bbon|phone\u00bb text_text_shadow_style=\u00bbpreset1&#8243; text_text_shadow_color=\u00bb#2f2f2f\u00bb header_text_shadow_style=\u00bbpreset1&#8243; header_text_shadow_color=\u00bb#2f2f2f\u00bb global_colors_info=\u00bb{}\u00bb]<\/p>\n<h1>Neuroempoderamiento<\/h1>\n<p>[\/et_pb_text][et_pb_text admin_label=\u00bbPage Subtitle\u00bb _builder_version=\u00bb4.4.2&#8243; text_font=\u00bbPoppins||||||||\u00bb text_line_height=\u00bb1.8em\u00bb header_font=\u00bb||||||||\u00bb background_layout=\u00bbdark\u00bb animation_style=\u00bbfade\u00bb global_colors_info=\u00bb{}\u00bb][\/et_pb_text][\/et_pb_column][\/et_pb_row][\/et_pb_section][et_pb_section fb_built=\u00bb1&#8243; admin_label=\u00bbClasses Section\u00bb _builder_version=\u00bb4.6.6&#8243; background_color=\u00bb#ffffff\u00bb custom_padding=\u00bb50px||70px||false|false\u00bb da_disable_devices=\u00bboff|off|off\u00bb box_shadow_style=\u00bbpreset1&#8243; box_shadow_color=\u00bb#2f2f2f\u00bb global_colors_info=\u00bb{}\u00bb da_is_popup=\u00bboff\u00bb da_exit_intent=\u00bboff\u00bb da_has_close=\u00bbon\u00bb da_alt_close=\u00bboff\u00bb da_dark_close=\u00bboff\u00bb da_not_modal=\u00bbon\u00bb da_is_singular=\u00bboff\u00bb da_with_loader=\u00bboff\u00bb da_has_shadow=\u00bbon\u00bb][et_pb_row admin_label=\u00bbClass Area\u00bb _builder_version=\u00bb3.25&#8243; custom_padding=\u00bb0|0px|30px|0px|false|false\u00bb locked=\u00bboff\u00bb global_colors_info=\u00bb{}\u00bb][et_pb_column type=\u00bb4_4&#8243; _builder_version=\u00bb3.25&#8243; custom_padding=\u00bb|||\u00bb global_colors_info=\u00bb{}\u00bb custom_padding__hover=\u00bb|||\u00bb][et_pb_text admin_label=\u00bbTitle\u00bb _builder_version=\u00bb4.14.2&#8243; text_font=\u00bb||||||||\u00bb header_font=\u00bb||||||||\u00bb header_2_font=\u00bbPoppins|600|||||||\u00bb header_2_text_align=\u00bbcenter\u00bb header_2_font_size=\u00bb20px\u00bb custom_margin=\u00bb||0px|\u00bb animation_style=\u00bbfade\u00bb global_colors_info=\u00bb{}\u00bb]<\/p>\n<h2>\u00bfQu\u00e9 es el Neuroempoderamiento?<\/h2>\n<p>[\/et_pb_text][et_pb_divider color=\u00bb#0c71c3&#8243; divider_position=\u00bbcenter\u00bb divider_weight=\u00bb3px\u00bb _builder_version=\u00bb4.3.4&#8243; max_width=\u00bb50px\u00bb module_alignment=\u00bbcenter\u00bb animation_style=\u00bbslide\u00bb animation_direction=\u00bbtop\u00bb animation_intensity_slide=\u00bb10%\u00bb animation_starting_opacity=\u00bb100%\u00bb global_colors_info=\u00bb{}\u00bb][\/et_pb_divider][\/et_pb_column][\/et_pb_row][et_pb_row _builder_version=\u00bb4.14.2&#8243; _module_preset=\u00bbdefault\u00bb global_colors_info=\u00bb{}\u00bb][et_pb_column type=\u00bb4_4&#8243; _builder_version=\u00bb4.14.2&#8243; _module_preset=\u00bbdefault\u00bb global_colors_info=\u00bb{}\u00bb][et_pb_text _builder_version=\u00bb4.14.2&#8243; _module_preset=\u00bbdefault\u00bb text_orientation=\u00bbcenter\u00bb width=\u00bb100%\u00bb max_width=\u00bb100%\u00bb module_alignment=\u00bbcenter\u00bb global_colors_info=\u00bb{}\u00bb]<\/p>\n<p style=\"text-align: justify;\">Programa de neuropsicolog\u00eda con perspectiva feminista a trav\u00e9s de actividades de estimulaci\u00f3n cognitiva visibiliza las aportaciones de las mujeres destacadas en el \u00e1mbito de la neurociencia.<\/p>\n<p style=\"text-align: justify;\">Se trabaja la atenci\u00f3n, la memoria y funciones ejecutivas.<\/p>\n<p>[\/et_pb_text][\/et_pb_column][\/et_pb_row][et_pb_row column_structure=\u00bb1_2,1_2&#8243; _builder_version=\u00bb4.14.2&#8243; _module_preset=\u00bbdefault\u00bb global_colors_info=\u00bb{}\u00bb][et_pb_column type=\u00bb1_2&#8243; _builder_version=\u00bb4.14.2&#8243; _module_preset=\u00bbdefault\u00bb global_colors_info=\u00bb{}\u00bb][et_pb_image src=\u00bbhttps:\/\/www.munduberriak.com\/wp-content\/uploads\/2025\/10\/Munduberriak-gida-emakumeak-neurozientzietan.png\u00bb title_text=\u00bbMunduberriak &#8211; gida &#8211; emakumeak neurozientzietan\u00bb url=\u00bbhttps:\/\/www.munduberriak.com\/wp-content\/uploads\/2025\/10\/GIDA-DEF-EUSK-NEURO_compressed.pdf\u00bb url_new_window=\u00bbon\u00bb _builder_version=\u00bb4.14.2&#8243; _module_preset=\u00bbdefault\u00bb global_colors_info=\u00bb{}\u00bb][\/et_pb_image][et_pb_button button_url=\u00bbhttps:\/\/www.munduberriak.com\/wp-content\/uploads\/2025\/10\/GIDA-DEF-EUSK-NEURO_compressed.pdf\u00bb url_new_window=\u00bbon\u00bb button_text=\u00bbIreki\u00bb button_alignment=\u00bbcenter\u00bb _builder_version=\u00bb4.14.2&#8243; custom_button=\u00bbon\u00bb button_text_size=\u00bb15px\u00bb button_text_color=\u00bb#ffffff\u00bb button_bg_color=\u00bb#c31260&#8243; button_border_color=\u00bb#C31260&#8243; button_font=\u00bb||||||||\u00bb animation_style=\u00bbbounce\u00bb animation_duration=\u00bb500ms\u00bb animation_delay=\u00bb1000ms\u00bb locked=\u00bboff\u00bb global_colors_info=\u00bb{}\u00bb][\/et_pb_button][\/et_pb_column][et_pb_column type=\u00bb1_2&#8243; _builder_version=\u00bb4.14.2&#8243; _module_preset=\u00bbdefault\u00bb global_colors_info=\u00bb{}\u00bb][et_pb_image src=\u00bbhttps:\/\/www.munduberriak.com\/wp-content\/uploads\/2025\/10\/Munduberriak-guia-mujeres-en-las-neurociencias.png\u00bb title_text=\u00bbMunduberriak &#8211; gu\u00eda &#8211; mujeres en las neurociencias\u00bb url=\u00bbhttps:\/\/www.munduberriak.com\/wp-content\/uploads\/2025\/10\/GUIA-DEF-CAST-NEURO_compressed.pdf\u00bb url_new_window=\u00bbon\u00bb _builder_version=\u00bb4.14.2&#8243; _module_preset=\u00bbdefault\u00bb global_colors_info=\u00bb{}\u00bb][\/et_pb_image][et_pb_button button_url=\u00bbhttps:\/\/www.munduberriak.com\/wp-content\/uploads\/2025\/10\/GUIA-DEF-CAST-NEURO_compressed.pdf\u00bb url_new_window=\u00bbon\u00bb button_text=\u00bbAbrir\u00bb button_alignment=\u00bbcenter\u00bb _builder_version=\u00bb4.14.2&#8243; custom_button=\u00bbon\u00bb button_text_size=\u00bb15px\u00bb button_text_color=\u00bb#ffffff\u00bb button_bg_color=\u00bb#c31260&#8243; button_border_color=\u00bb#C31260&#8243; button_font=\u00bb||||||||\u00bb animation_style=\u00bbbounce\u00bb animation_duration=\u00bb500ms\u00bb animation_delay=\u00bb1000ms\u00bb locked=\u00bboff\u00bb global_colors_info=\u00bb{}\u00bb][\/et_pb_button][\/et_pb_column][\/et_pb_row][et_pb_row _builder_version=\u00bb4.14.2&#8243; _module_preset=\u00bbdefault\u00bb][et_pb_column _builder_version=\u00bb4.14.2&#8243; _module_preset=\u00bbdefault\u00bb type=\u00bb4_4&#8243;][et_pb_divider color=\u00bb#0c71c3&#8243; divider_position=\u00bbcenter\u00bb divider_weight=\u00bb3px\u00bb _builder_version=\u00bb4.3.4&#8243; max_width=\u00bb50px\u00bb module_alignment=\u00bbcenter\u00bb animation_style=\u00bbslide\u00bb animation_direction=\u00bbtop\u00bb animation_intensity_slide=\u00bb10%\u00bb animation_starting_opacity=\u00bb100%\u00bb global_colors_info=\u00bb{}\u00bb][\/et_pb_divider][\/et_pb_column][\/et_pb_row][et_pb_row column_structure=\u00bb1_2,1_2&#8243; _builder_version=\u00bb4.14.2&#8243; _module_preset=\u00bbdefault\u00bb global_colors_info=\u00bb{}\u00bb][et_pb_column type=\u00bb1_2&#8243; _builder_version=\u00bb4.14.2&#8243; _module_preset=\u00bbdefault\u00bb global_colors_info=\u00bb{}\u00bb][et_pb_image src=\u00bbhttps:\/\/www.munduberriak.com\/wp-content\/uploads\/2026\/03\/Neuropsikologia-Gida-Praktikoa.png\u00bb title_text=\u00bbNeuropsikologia &#8211; Gida Praktikoa\u00bb url=\u00bbhttps:\/\/www.munduberriak.com\/wp-content\/uploads\/2025\/10\/GIDA-DEF-EUSK-NEURO_compressed.pdf\u00bb url_new_window=\u00bbon\u00bb _builder_version=\u00bb4.14.2&#8243; _module_preset=\u00bbdefault\u00bb hover_enabled=\u00bb0&#8243; global_colors_info=\u00bb{}\u00bb sticky_enabled=\u00bb0&#8243;][\/et_pb_image][et_pb_button button_url=\u00bbhttps:\/\/www.munduberriak.com\/wp-content\/uploads\/2026\/03\/AGENDA-2030_EUSKERA-_def_compressed.pdf\u00bb url_new_window=\u00bbon\u00bb button_text=\u00bbIreki\u00bb button_alignment=\u00bbcenter\u00bb _builder_version=\u00bb4.14.2&#8243; custom_button=\u00bbon\u00bb button_text_size=\u00bb15px\u00bb button_text_color=\u00bb#ffffff\u00bb button_bg_color=\u00bb#c31260&#8243; button_border_color=\u00bb#C31260&#8243; button_font=\u00bb||||||||\u00bb animation_style=\u00bbbounce\u00bb animation_duration=\u00bb500ms\u00bb animation_delay=\u00bb1000ms\u00bb hover_enabled=\u00bb0&#8243; locked=\u00bboff\u00bb global_colors_info=\u00bb{}\u00bb sticky_enabled=\u00bb0&#8243;][\/et_pb_button][\/et_pb_column][et_pb_column type=\u00bb1_2&#8243; _builder_version=\u00bb4.14.2&#8243; _module_preset=\u00bbdefault\u00bb global_colors_info=\u00bb{}\u00bb][et_pb_image src=\u00bbhttps:\/\/www.munduberriak.com\/wp-content\/uploads\/2026\/03\/Neuropsicologia-Guia-practica.png\u00bb title_text=\u00bbNeuropsicologia &#8211; Gu\u00eda pr\u00e1ctica\u00bb url=\u00bbhttps:\/\/www.munduberriak.com\/wp-content\/uploads\/2025\/10\/GUIA-DEF-CAST-NEURO_compressed.pdf\u00bb url_new_window=\u00bbon\u00bb _builder_version=\u00bb4.14.2&#8243; _module_preset=\u00bbdefault\u00bb hover_enabled=\u00bb0&#8243; global_colors_info=\u00bb{}\u00bb sticky_enabled=\u00bb0&#8243;][\/et_pb_image][et_pb_button button_url=\u00bbhttps:\/\/www.munduberriak.com\/wp-content\/uploads\/2026\/03\/AGENDA-2030_CAST_def_compressed.pdf\u00bb url_new_window=\u00bbon\u00bb button_text=\u00bbAbrir\u00bb button_alignment=\u00bbcenter\u00bb _builder_version=\u00bb4.14.2&#8243; custom_button=\u00bbon\u00bb button_text_size=\u00bb15px\u00bb button_text_color=\u00bb#ffffff\u00bb button_bg_color=\u00bb#c31260&#8243; button_border_color=\u00bb#C31260&#8243; button_font=\u00bb||||||||\u00bb animation_style=\u00bbbounce\u00bb animation_duration=\u00bb500ms\u00bb animation_delay=\u00bb1000ms\u00bb hover_enabled=\u00bb0&#8243; locked=\u00bboff\u00bb global_colors_info=\u00bb{}\u00bb sticky_enabled=\u00bb0&#8243;][\/et_pb_button][\/et_pb_column][\/et_pb_row][\/et_pb_section][et_pb_section fb_built=\u00bb1&#8243; admin_label=\u00bbFooter Section\u00bb _builder_version=\u00bb4.14.2&#8243; background_color=\u00bb#2F2F2F\u00bb background_enable_color=\u00bbon\u00bb width=\u00bb100%\u00bb max_width=\u00bb100%\u00bb module_alignment=\u00bbcenter\u00bb custom_padding=\u00bb0px||0px||false|false\u00bb da_disable_devices=\u00bboff|off|off\u00bb global_module=\u00bb5267&#8243; saved_tabs=\u00bball\u00bb locked=\u00bboff\u00bb global_colors_info=\u00bb{}\u00bb da_is_popup=\u00bboff\u00bb da_exit_intent=\u00bboff\u00bb da_has_close=\u00bbon\u00bb da_alt_close=\u00bboff\u00bb da_dark_close=\u00bboff\u00bb da_not_modal=\u00bbon\u00bb da_is_singular=\u00bboff\u00bb da_with_loader=\u00bboff\u00bb da_has_shadow=\u00bbon\u00bb][et_pb_row column_structure=\u00bb1_4,1_2,1_4&#8243; use_custom_gutter=\u00bbon\u00bb gutter_width=\u00bb2&#8243; make_equal=\u00bbon\u00bb admin_label=\u00bbFooter Area\u00bb _builder_version=\u00bb4.7.3&#8243; background_enable_color=\u00bboff\u00bb width=\u00bb60%\u00bb module_alignment=\u00bbcenter\u00bb custom_margin=\u00bb0px|0px|0px|0px|false|false\u00bb custom_padding=\u00bb5px|5px|5px|5px|false|false\u00bb global_colors_info=\u00bb{}\u00bb][et_pb_column type=\u00bb1_4&#8243; _builder_version=\u00bb4.6.6&#8243; background_color=\u00bbrgba(0,0,0,0)\u00bb custom_padding=\u00bb||||false|false\u00bb global_colors_info=\u00bb{}\u00bb custom_padding__hover=\u00bb|||\u00bb][et_pb_text admin_label=\u00bbMundu Berriak en:\u00bb _builder_version=\u00bb4.6.6&#8243; text_font=\u00bbPoppins|600|||||||\u00bb text_text_color=\u00bb#ffffff\u00bb text_font_size=\u00bb15px\u00bb text_line_height=\u00bb1em\u00bb text_orientation=\u00bbcenter\u00bb module_alignment=\u00bbcenter\u00bb custom_margin=\u00bb||||false|false\u00bb custom_padding=\u00bb20px|20px|20px|20px|true|true\u00bb global_colors_info=\u00bb{}\u00bb]<\/p>\n<p>Contacto:<\/p>\n<p>[\/et_pb_text][et_pb_blurb title=\u00bb(+34) 644 653 315&#8243; use_icon=\u00bbon\u00bb font_icon=\u00bb&#xe090;||divi||400&#8243; admin_label=\u00bbTel\u00e9fono\u00bb _builder_version=\u00bb4.14.2&#8243; global_colors_info=\u00bb{}\u00bb][\/et_pb_blurb][et_pb_blurb title=\u00bbinfo@munduberriak.com\u00bb use_icon=\u00bbon\u00bb font_icon=\u00bb&#xe076;||divi||400&#8243; admin_label=\u00bbEmail\u00bb _builder_version=\u00bb4.14.2&#8243; global_colors_info=\u00bb{}\u00bb][\/et_pb_blurb][et_pb_blurb title=\u00bbC\/ Del Cristo 1, 3\u00ba Dpto.3 &#8211; 48007 Bilbo\u00bb use_icon=\u00bbon\u00bb font_icon=\u00bb&#xe081;||divi||400&#8243; admin_label=\u00bbDirecci\u00f3n\u00bb _builder_version=\u00bb4.14.2&#8243; global_colors_info=\u00bb{}\u00bb][\/et_pb_blurb][et_pb_blurb title=\u00bb\u00bfQui\u00e9nes somos?\u00bb url=\u00bbhttps:\/\/www.munduberriak.com\/quienes-somos\/\u00bb use_icon=\u00bbon\u00bb font_icon=\u00bb&#xe08b;||divi||400&#8243; admin_label=\u00bb\u00bfQui\u00e9nes somos?\u00bb _builder_version=\u00bb4.14.2&#8243; link_option_url=\u00bbhttps:\/\/www.munduberriak.com\/quienes-somos\/\u00bb global_colors_info=\u00bb{}\u00bb][\/et_pb_blurb][\/et_pb_column][et_pb_column type=\u00bb1_2&#8243; _builder_version=\u00bb3.25&#8243; custom_padding=\u00bb|||\u00bb global_colors_info=\u00bb{}\u00bb custom_padding__hover=\u00bb|||\u00bb][et_pb_image src=\u00bbhttps:\/\/www.munduberriak.com\/wp-content\/uploads\/2020\/11\/MB.png\u00bb title_text=\u00bbMB\u00bb url=\u00bbhttps:\/\/www.munduberriak.com\/\u00bb align=\u00bbcenter\u00bb _builder_version=\u00bb4.7.3&#8243; _module_preset=\u00bbdefault\u00bb width=\u00bb80%\u00bb custom_padding=\u00bb10px|10px|0px|10px|false|false\u00bb global_colors_info=\u00bb{}\u00bb][\/et_pb_image][et_pb_text admin_label=\u00bbMundu Berriak en:\u00bb _builder_version=\u00bb4.6.6&#8243; text_font=\u00bbPoppins|600|||||||\u00bb text_text_color=\u00bb#ffffff\u00bb text_font_size=\u00bb15px\u00bb text_line_height=\u00bb1em\u00bb text_orientation=\u00bbcenter\u00bb module_alignment=\u00bbcenter\u00bb custom_margin=\u00bb0px||0px||false|false\u00bb custom_padding=\u00bb5px|0px|5px|0px|true|true\u00bb global_colors_info=\u00bb{}\u00bb]<\/p>\n<p>Mundu Berriak en:<\/p>\n<p>[\/et_pb_text][et_pb_social_media_follow _builder_version=\u00bb4.7.3&#8243; z_index=\u00bb0&#8243; text_orientation=\u00bbcenter\u00bb custom_padding=\u00bb5px|5px|5px|5px|false|false\u00bb motion_trigger_start=\u00bbtop\u00bb global_colors_info=\u00bb{}\u00bb][et_pb_social_media_follow_network social_network=\u00bbfacebook\u00bb url=\u00bbhttps:\/\/www.facebook.com\/munduberriak\/?ref=bookmarks\u00bb use_icon_font_size=\u00bbon\u00bb icon_font_size=\u00bb8px\u00bb _builder_version=\u00bb4.7.3&#8243; background_color=\u00bb#0c71c3&#8243; custom_margin=\u00bb||||false|false\u00bb custom_padding=\u00bb10px|10px|10px|10px|false|false\u00bb border_radii=\u00bbon|100px|100px|100px|100px\u00bb global_colors_info=\u00bb{}\u00bb follow_button=\u00bboff\u00bb url_new_window=\u00bbon\u00bb]facebook[\/et_pb_social_media_follow_network][et_pb_social_media_follow_network social_network=\u00bbtwitter\u00bb url=\u00bbhttps:\/\/twitter.com\/MunduBerriak\u00bb use_icon_font_size=\u00bbon\u00bb icon_font_size=\u00bb8px\u00bb _builder_version=\u00bb4.7.3&#8243; background_color=\u00bb#00d0dd\u00bb custom_margin=\u00bb||||false|false\u00bb custom_padding=\u00bb10px|10px|10px|10px|false|false\u00bb border_radii=\u00bbon|100px|100px|100px|100px\u00bb global_colors_info=\u00bb{}\u00bb follow_button=\u00bboff\u00bb url_new_window=\u00bbon\u00bb]twitter[\/et_pb_social_media_follow_network][et_pb_social_media_follow_network social_network=\u00bbinstagram\u00bb url=\u00bbhttps:\/\/www.instagram.com\/munduberriak\/?hl=es\u00bb use_icon_font_size=\u00bbon\u00bb icon_font_size=\u00bb8px\u00bb _builder_version=\u00bb4.7.3&#8243; background_color=\u00bb#ea2c59&#8243; background_enable_color=\u00bbon\u00bb custom_margin=\u00bb||||false|false\u00bb custom_padding=\u00bb10px|10px|10px|10px|false|false\u00bb border_radii=\u00bbon|100px|100px|100px|100px\u00bb global_colors_info=\u00bb{}\u00bb follow_button=\u00bboff\u00bb url_new_window=\u00bbon\u00bb]instagram[\/et_pb_social_media_follow_network][et_pb_social_media_follow_network social_network=\u00bbyoutube\u00bb url=\u00bbhttps:\/\/www.youtube.com\/channel\/UCWYYyBQFmCB7HBE4lPo6P0Q\u00bb use_icon_font_size=\u00bbon\u00bb icon_font_size=\u00bb8px\u00bb _builder_version=\u00bb4.7.3&#8243; background_color=\u00bb#e02b20&#8243; custom_margin=\u00bb||||false|false\u00bb custom_padding=\u00bb10px|10px|10px|10px|false|false\u00bb border_radii=\u00bbon|100px|100px|100px|100px\u00bb global_colors_info=\u00bb{}\u00bb follow_button=\u00bboff\u00bb url_new_window=\u00bbon\u00bb]youtube[\/et_pb_social_media_follow_network][et_pb_social_media_follow_network social_network=\u00bblinkedin\u00bb url=\u00bbhttps:\/\/www.linkedin.com\/in\/mundu-berriak-ongd-sexol%C3%B3gica-2651991a3\/\u00bb use_icon_font_size=\u00bbon\u00bb icon_font_size=\u00bb8px\u00bb _builder_version=\u00bb4.7.3&#8243; background_color=\u00bb#007bb6&#8243; custom_margin=\u00bb||||false|false\u00bb custom_padding=\u00bb10px|10px|10px|10px|false|false\u00bb border_radii=\u00bbon|90px|90px|90px|90px\u00bb global_colors_info=\u00bb{}\u00bb follow_button=\u00bboff\u00bb url_new_window=\u00bbon\u00bb]linkedin[\/et_pb_social_media_follow_network][\/et_pb_social_media_follow][\/et_pb_column][et_pb_column type=\u00bb1_4&#8243; _builder_version=\u00bb3.25&#8243; custom_padding=\u00bb|||\u00bb global_colors_info=\u00bb{}\u00bb custom_padding__hover=\u00bb|||\u00bb][et_pb_text admin_label=\u00bbMundu Berriak en:\u00bb _builder_version=\u00bb4.6.6&#8243; text_font=\u00bbPoppins|600|||||||\u00bb text_text_color=\u00bb#ffffff\u00bb text_font_size=\u00bb15px\u00bb text_line_height=\u00bb1em\u00bb text_orientation=\u00bbcenter\u00bb module_alignment=\u00bbcenter\u00bb custom_margin=\u00bb||||false|false\u00bb custom_padding=\u00bb20px|20px|20px|20px|true|true\u00bb global_colors_info=\u00bb{}\u00bb]<\/p>\n<p>Otros enlaces:<\/p>\n<p>[\/et_pb_text][et_pb_blurb title=\u00bbEscuela Interseccional de Empoderamiento Sexual\u00bb url=\u00bbhttps:\/\/www.munduberriak.com\/escuela-internacional-de-empoderamiento-sexual\/\u00bb use_icon=\u00bbon\u00bb font_icon=\u00bb&#xe0db;||divi||400&#8243; admin_label=\u00bbEnlace\u00bb _builder_version=\u00bb4.14.2&#8243; link_option_url=\u00bbhttps:\/\/www.munduberriak.com\/es\/escuela-interseccional-de-empoderamiento-sexual\/\u00bb global_colors_info=\u00bb{}\u00bb][\/et_pb_blurb][et_pb_blurb title=\u00bbMindfulness\u00bb url=\u00bbhttps:\/\/www.munduberriak.com\/mindfulness-e-i-e\/\u00bb use_icon=\u00bbon\u00bb font_icon=\u00bb&#xe033;||divi||400&#8243; admin_label=\u00bbEnlace\u00bb _builder_version=\u00bb4.14.2&#8243; link_option_url=\u00bbhttps:\/\/www.munduberriak.com\/mindfulness-e-i-e\/\u00bb global_colors_info=\u00bb{}\u00bb][\/et_pb_blurb][et_pb_blurb title=\u00bbPsicoterapia y Sexoterapia\u00bb url=\u00bbhttps:\/\/www.munduberriak.com\/asesoramiento-y-terapia\/\u00bb use_icon=\u00bbon\u00bb font_icon=\u00bb&#xe066;||divi||400&#8243; admin_label=\u00bbEnlace\u00bb _builder_version=\u00bb4.14.2&#8243; link_option_url=\u00bbhttps:\/\/www.munduberriak.com\/asesoramiento-y-terapia\/\u00bb global_colors_info=\u00bb{}\u00bb][\/et_pb_blurb][et_pb_blurb title=\u00bbEducaci\u00f3n\u00bb url=\u00bbhttps:\/\/www.munduberriak.com\/educacion\/\u00bb use_icon=\u00bbon\u00bb font_icon=\u00bb&#xe0f9;||divi||400&#8243; admin_label=\u00bbEnlace\u00bb _builder_version=\u00bb4.14.2&#8243; link_option_url=\u00bbhttps:\/\/www.munduberriak.com\/educacion\/\u00bb global_colors_info=\u00bb{}\u00bb][\/et_pb_blurb][et_pb_sidebar area=\u00bbsidebar-4&#8243; _builder_version=\u00bb4.6.6&#8243; _module_preset=\u00bbdefault\u00bb body_text_color=\u00bb#2f2f2f\u00bb body_font_size=\u00bb15px\u00bb global_colors_info=\u00bb{}\u00bb][\/et_pb_sidebar][\/et_pb_column][\/et_pb_row][\/et_pb_section]<\/p>\n","protected":false},"excerpt":{"rendered":"<p>Neuroempoderamiento\u00bfQu\u00e9 es el Neuroempoderamiento?Programa de neuropsicolog\u00eda con perspectiva feminista a trav\u00e9s de actividades de estimulaci\u00f3n cognitiva visibiliza las aportaciones de las mujeres destacadas en el \u00e1mbito de la neurociencia. Se trabaja la atenci\u00f3n, la memoria y funciones ejecutivas.Contacto:Mundu Berriak en:facebooktwitterinstagramyoutubelinkedinOtros enlaces:<\/p>\n","protected":false},"author":1,"featured_media":0,"parent":0,"menu_order":0,"comment_status":"closed","ping_status":"closed","template":"","meta":{"_et_pb_use_builder":"on","_et_pb_old_content":"","_et_gb_content_width":"","footnotes":""},"class_list":["post-10558","page","type-page","status-publish","hentry"],"_links":{"self":[{"href":"https:\/\/www.munduberriak.com\/es\/wp-json\/wp\/v2\/pages\/10558"}],"collection":[{"href":"https:\/\/www.munduberriak.com\/es\/wp-json\/wp\/v2\/pages"}],"about":[{"href":"https:\/\/www.munduberriak.com\/es\/wp-json\/wp\/v2\/types\/page"}],"author":[{"embeddable":true,"href":"https:\/\/www.munduberriak.com\/es\/wp-json\/wp\/v2\/users\/1"}],"replies":[{"embeddable":true,"href":"https:\/\/www.munduberriak.com\/es\/wp-json\/wp\/v2\/comments?post=10558"}],"version-history":[{"count":5,"href":"https:\/\/www.munduberriak.com\/es\/wp-json\/wp\/v2\/pages\/10558\/revisions"}],"predecessor-version":[{"id":10592,"href":"https:\/\/www.munduberriak.com\/es\/wp-json\/wp\/v2\/pages\/10558\/revisions\/10592"}],"wp:attachment":[{"href":"https:\/\/www.munduberriak.com\/es\/wp-json\/wp\/v2\/media?parent=10558"}],"curies":[{"name":"wp","href":"https:\/\/api.w.org\/{rel}","templated":true}]}}